{"id":2543,"date":"2026-01-20T10:28:58","date_gmt":"2026-01-20T10:28:58","guid":{"rendered":"https:\/\/libons.be\/?page_id=2543"},"modified":"2026-01-20T10:49:47","modified_gmt":"2026-01-20T10:49:47","slug":"ardoum","status":"publish","type":"page","link":"https:\/\/libons.be\/fr\/ardoum\/","title":{"rendered":"Ardoum"},"content":{"rendered":"<div data-elementor-type=\"wp-page\" data-elementor-id=\"2543\" class=\"elementor elementor-2543\" data-elementor-post-type=\"page\">\n\t\t\t\t\t\t<section class=\"elementor-section elementor-top-section elementor-element elementor-element-793bd59 elementor-section-boxed elementor-section-height-default elementor-section-height-default\" data-id=\"793bd59\" data-element_type=\"section\">\n\t\t\t\t\t\t<div class=\"elementor-container elementor-column-gap-default\">\n\t\t\t\t\t<div class=\"elementor-column elementor-col-50 elementor-top-column elementor-element elementor-element-cdac184\" data-id=\"cdac184\" data-element_type=\"column\">\n\t\t\t<div class=\"elementor-widget-wrap elementor-element-populated\">\n\t\t\t\t\t\t<div class=\"elementor-element elementor-element-7d7487b elementor-widget elementor-widget-heading\" data-id=\"7d7487b\" data-element_type=\"widget\" data-widget_type=\"heading.default\">\n\t\t\t\t<div class=\"elementor-widget-container\">\n\t\t\t\t\t<h2 class=\"elementor-heading-title elementor-size-default\">Comment tout a commenc\u00e9<\/h2>\t\t\t\t<\/div>\n\t\t\t\t<\/div>\n\t\t\t\t<div class=\"elementor-element elementor-element-734a5d4 elementor-widget elementor-widget-text-editor\" data-id=\"734a5d4\" data-element_type=\"widget\" data-widget_type=\"text-editor.default\">\n\t\t\t\t<div class=\"elementor-widget-container\">\n\t\t\t\t\t\t\t\t\t<p>Tout a commenc\u00e9 avec Joseph, le p\u00e8re de Christian, un homme profond\u00e9ment attach\u00e9 \u00e0 son pays natal, le Liban, et d\u00e9termin\u00e9 \u00e0 cr\u00e9er quelque chose de vraiment sp\u00e9cial. En 1990, il s'est lanc\u00e9 dans la production d'Arak Al Kasr, une liqueur traditionnelle libanaise. Mais il n'a pas tard\u00e9 \u00e0 se rendre compte qu'il avait \u00e9galement un talent pour la vinification.<\/p><p>Le grand-p\u00e8re et l'oncle pr\u00eatre de Christian avaient quelques connaissances en mati\u00e8re de vinification, et son p\u00e8re \u00e9tait d\u00e9termin\u00e9 \u00e0 en apprendre davantage. Il a pass\u00e9 des ann\u00e9es \u00e0 \u00e9tudier et \u00e0 exp\u00e9rimenter jusqu'\u00e0 ce qu'il parvienne enfin \u00e0 produire sa toute premi\u00e8re bouteille de vin rouge en 1995. Ce fut un moment de pure joie et de triomphe qu'il a partag\u00e9 avec sa famille.<\/p>\t\t\t\t\t\t\t\t<\/div>\n\t\t\t\t<\/div>\n\t\t\t\t\t<\/div>\n\t\t<\/div>\n\t\t\t\t<div class=\"elementor-column elementor-col-50 elementor-top-column elementor-element elementor-element-234cc20\" data-id=\"234cc20\" data-element_type=\"column\">\n\t\t\t<div class=\"elementor-widget-wrap elementor-element-populated\">\n\t\t\t\t\t\t<div class=\"elementor-element elementor-element-a965198 elementor-widget elementor-widget-image\" data-id=\"a965198\" data-element_type=\"widget\" data-widget_type=\"image.default\">\n\t\t\t\t<div class=\"elementor-widget-container\">\n\t\t\t\t\t\t\t\t\t\t\t\t\t\t\t<img fetchpriority=\"high\" decoding=\"async\" width=\"800\" height=\"547\" src=\"https:\/\/libons.be\/wp-content\/uploads\/sites\/16\/2026\/01\/old-factory-1024x700.jpg\" class=\"attachment-large size-large wp-image-2545\" alt=\"\" srcset=\"https:\/\/libons.be\/wp-content\/uploads\/sites\/16\/2026\/01\/old-factory-1024x700.jpg 1024w, https:\/\/libons.be\/wp-content\/uploads\/sites\/16\/2026\/01\/old-factory-300x205.jpg 300w, https:\/\/libons.be\/wp-content\/uploads\/sites\/16\/2026\/01\/old-factory-768x525.jpg 768w, https:\/\/libons.be\/wp-content\/uploads\/sites\/16\/2026\/01\/old-factory-1536x1051.jpg 1536w, https:\/\/libons.be\/wp-content\/uploads\/sites\/16\/2026\/01\/old-factory-18x12.jpg 18w, https:\/\/libons.be\/wp-content\/uploads\/sites\/16\/2026\/01\/old-factory.jpg 1579w\" sizes=\"(max-width: 800px) 100vw, 800px\" \/>\t\t\t\t\t\t\t\t\t\t\t\t\t\t\t<\/div>\n\t\t\t\t<\/div>\n\t\t\t\t\t<\/div>\n\t\t<\/div>\n\t\t\t\t\t<\/div>\n\t\t<\/section>\n\t\t\t\t<section class=\"elementor-section elementor-top-section elementor-element elementor-element-bcc811b elementor-section-boxed elementor-section-height-default elementor-section-height-default\" data-id=\"bcc811b\" data-element_type=\"section\">\n\t\t\t\t\t\t<div class=\"elementor-container elementor-column-gap-default\">\n\t\t\t\t\t<div class=\"elementor-column elementor-col-50 elementor-top-column elementor-element elementor-element-f72bd37\" data-id=\"f72bd37\" data-element_type=\"column\">\n\t\t\t<div class=\"elementor-widget-wrap elementor-element-populated\">\n\t\t\t\t\t\t<div class=\"elementor-element elementor-element-8ff25db elementor-widget elementor-widget-image\" data-id=\"8ff25db\" data-element_type=\"widget\" data-widget_type=\"image.default\">\n\t\t\t\t<div class=\"elementor-widget-container\">\n\t\t\t\t\t\t\t\t\t\t\t\t\t\t\t<img decoding=\"async\" width=\"768\" height=\"488\" src=\"https:\/\/libons.be\/wp-content\/uploads\/sites\/16\/2026\/01\/Passion-Fruit-Ardoum-Wine-Lebanon-Ardoum-2024-768x488-1.png\" class=\"attachment-full size-full wp-image-2548\" alt=\"\" srcset=\"https:\/\/libons.be\/wp-content\/uploads\/sites\/16\/2026\/01\/Passion-Fruit-Ardoum-Wine-Lebanon-Ardoum-2024-768x488-1.png 768w, https:\/\/libons.be\/wp-content\/uploads\/sites\/16\/2026\/01\/Passion-Fruit-Ardoum-Wine-Lebanon-Ardoum-2024-768x488-1-300x191.png 300w, https:\/\/libons.be\/wp-content\/uploads\/sites\/16\/2026\/01\/Passion-Fruit-Ardoum-Wine-Lebanon-Ardoum-2024-768x488-1-18x12.png 18w\" sizes=\"(max-width: 768px) 100vw, 768px\" \/>\t\t\t\t\t\t\t\t\t\t\t\t\t\t\t<\/div>\n\t\t\t\t<\/div>\n\t\t\t\t\t<\/div>\n\t\t<\/div>\n\t\t\t\t<div class=\"elementor-column elementor-col-50 elementor-top-column elementor-element elementor-element-b1a5ad8\" data-id=\"b1a5ad8\" data-element_type=\"column\">\n\t\t\t<div class=\"elementor-widget-wrap elementor-element-populated\">\n\t\t\t\t\t\t<div class=\"elementor-element elementor-element-e6309f5 elementor-widget elementor-widget-heading\" data-id=\"e6309f5\" data-element_type=\"widget\" data-widget_type=\"heading.default\">\n\t\t\t\t<div class=\"elementor-widget-container\">\n\t\t\t\t\t<h2 class=\"elementor-heading-title elementor-size-default\"><span>\"La croissance d'un r\u00eave\"<\/span><\/h2>\t\t\t\t<\/div>\n\t\t\t\t<\/div>\n\t\t\t\t<div class=\"elementor-element elementor-element-1a47f96 elementor-widget elementor-widget-text-editor\" data-id=\"1a47f96\" data-element_type=\"widget\" data-widget_type=\"text-editor.default\">\n\t\t\t\t<div class=\"elementor-widget-container\">\n\t\t\t\t\t\t\t\t\t<p>Mais le voyage \u00e9tait loin d'\u00eatre termin\u00e9. Joseph se rendit \u00e0 Bordeaux, o\u00f9 il fut inspir\u00e9 par l'art et l'architecture. Il s'inspira \u00e9galement de son fr\u00e8re Georges, graveur et peintre talentueux qui avait v\u00e9cu \u00e0 Venise pendant 25 ans. Son influence se refl\u00e9tait dans les \u00e9tiquettes artistiques de la cave et dans la magnifique cave sculpt\u00e9e \u00e0 la main. Christian et sa femme Jacky pensent que leur oncle savait qu'il se pr\u00e9parait \u00e0 quelque chose de sp\u00e9cial avant de mourir.<\/p><p>Au fil des ans, la cave s'est forg\u00e9 une excellente r\u00e9putation. La production de la marque familiale a augment\u00e9 et ils ont commenc\u00e9 \u00e0 produire environ 400 000 \u00e0 450 000 bouteilles par an pour une client\u00e8le s\u00e9lectionn\u00e9e. Jacky a jou\u00e9 un r\u00f4le crucial dans cette croissance. Elle a compris que les visiteurs voulaient plus que du vin, elle a donc commenc\u00e9 \u00e0 proposer \u00e9galement de la restauration, des chambres d'h\u00f4tes et des activit\u00e9s. Elle a embauch\u00e9 des habitants de la r\u00e9gion pour l'aider \u00e0 r\u00e9pondre \u00e0 la demande croissante et la cave a continu\u00e9 \u00e0 prosp\u00e9rer.<\/p>\t\t\t\t\t\t\t\t<\/div>\n\t\t\t\t<\/div>\n\t\t\t\t<div class=\"elementor-element elementor-element-51f69fe elementor-widget elementor-widget-button\" data-id=\"51f69fe\" data-element_type=\"widget\" data-widget_type=\"button.default\">\n\t\t\t\t<div class=\"elementor-widget-container\">\n\t\t\t\t\t\t\t\t\t<div class=\"elementor-button-wrapper\">\n\t\t\t\t\t<a class=\"elementor-button elementor-button-link elementor-size-sm\" href=\"https:\/\/libons.be\/fr\/store\/Ardoum-c175849459\/\">\n\t\t\t\t\t\t<span class=\"elementor-button-content-wrapper\">\n\t\t\t\t\t\t\t\t\t<span class=\"elementor-button-text\">Commander Ardoum<\/span>\n\t\t\t\t\t<\/span>\n\t\t\t\t\t<\/a>\n\t\t\t\t<\/div>\n\t\t\t\t\t\t\t\t<\/div>\n\t\t\t\t<\/div>\n\t\t\t\t\t<\/div>\n\t\t<\/div>\n\t\t\t\t\t<\/div>\n\t\t<\/section>\n\t\t\t\t<\/div>","protected":false},"excerpt":{"rendered":"<p>Hoe het allemaal begon Het begon allemaal met Christian&#8217;s vader, Joseph, een man met een diepe liefde voor zijn vaderland, Libanon, en een vastberadenheid om iets heel bijzonders te cre\u00ebren. In 1990 richtte hij zich op de productie van Arak Al Kasr, een traditionele Libanese sterke drank. Maar al snel besefte hij dat hij ook [&hellip;]<\/p>","protected":false},"author":87,"featured_media":0,"parent":0,"menu_order":0,"comment_status":"closed","ping_status":"closed","template":"","meta":{"_acf_changed":false,"footnotes":""},"class_list":["post-2543","page","type-page","status-publish","hentry"],"acf":[],"_links":{"self":[{"href":"https:\/\/libons.be\/fr\/wp-json\/wp\/v2\/pages\/2543","targetHints":{"allow":["GET"]}}],"collection":[{"href":"https:\/\/libons.be\/fr\/wp-json\/wp\/v2\/pages"}],"about":[{"href":"https:\/\/libons.be\/fr\/wp-json\/wp\/v2\/types\/page"}],"author":[{"embeddable":true,"href":"https:\/\/libons.be\/fr\/wp-json\/wp\/v2\/users\/87"}],"replies":[{"embeddable":true,"href":"https:\/\/libons.be\/fr\/wp-json\/wp\/v2\/comments?post=2543"}],"version-history":[{"count":0,"href":"https:\/\/libons.be\/fr\/wp-json\/wp\/v2\/pages\/2543\/revisions"}],"wp:attachment":[{"href":"https:\/\/libons.be\/fr\/wp-json\/wp\/v2\/media?parent=2543"}],"curies":[{"name":"wp","href":"https:\/\/api.w.org\/{rel}","templated":true}]}}